{"id":187,"date":"2025-02-19T15:37:32","date_gmt":"2025-02-19T15:37:32","guid":{"rendered":"https:\/\/wonderful.vn\/?page_id=187"},"modified":"2025-06-06T21:29:43","modified_gmt":"2025-06-06T21:29:43","slug":"du-an","status":"publish","type":"page","link":"https:\/\/wonderful.vn\/en\/du-an\/","title":{"rendered":"Projects"},"content":{"rendered":"<div data-elementor-type=\"wp-page\" data-elementor-id=\"187\" class=\"elementor elementor-187\" data-elementor-post-type=\"page\">\n\t\t\t\t<div class=\"elementor-element elementor-element-4a0db80 e-flex e-con-boxed e-con e-parent\" data-id=\"4a0db80\" data-element_type=\"container\" data-settings=\"{&quot;background_background&quot;:&quot;classic&quot;}\">\n\t\t\t\t\t<div class=\"e-con-inner\">\n\t\t\t\t<div class=\"elementor-element elementor-element-e49440f elementor-widget elementor-widget-heading\" data-id=\"e49440f\" data-element_type=\"widget\" data-widget_type=\"heading.default\">\n\t\t\t\t<div class=\"elementor-widget-container\">\n\t\t\t\t\t<h2 class=\"elementor-heading-title elementor-size-default\">PROJECT<\/h2>\t\t\t\t<\/div>\n\t\t\t\t<\/div>\n\t\t\t\t<div class=\"elementor-element elementor-element-59cb6bd elementor-widget elementor-widget-text-editor\" data-id=\"59cb6bd\" data-element_type=\"widget\" data-widget_type=\"text-editor.default\">\n\t\t\t\t<div class=\"elementor-widget-container\">\n\t\t\t\t\t\t\t\t\t<p><span style=\"color: #f15a29;\">Wonderful<\/span> We are a professional and experienced company, capable of meeting all your event organization needs.<\/p>\t\t\t\t\t\t\t\t<\/div>\n\t\t\t\t<\/div>\n\t\t<div class=\"elementor-element elementor-element-5b1d33d e-grid e-con-full e-con e-child\" data-id=\"5b1d33d\" data-element_type=\"container\">\n\t\t<div class=\"elementor-element elementor-element-c64dc8b e-con-full e-flex e-con e-child\" data-id=\"c64dc8b\" data-element_type=\"container\">\n\t\t\t\t<div class=\"elementor-element elementor-element-73f5b35 elementor-widget elementor-widget-image\" data-id=\"73f5b35\" data-element_type=\"widget\" data-widget_type=\"image.default\">\n\t\t\t\t<div class=\"elementor-widget-container\">\n\t\t\t\t\t\t\t\t\t\t\t\t\t\t\t\t<a href=\"https:\/\/wonderful.vn\/en\/du-an-su-kien-marketing\/\">\n\t\t\t\t\t\t\t<img fetchpriority=\"high\" decoding=\"async\" width=\"1720\" height=\"1080\" src=\"https:\/\/wonderful.vn\/wp-content\/uploads\/Untitled-design-9.webp\" class=\"attachment-large size-large wp-image-2910\" alt=\"\" \/>\t\t\t\t\t\t\t\t<\/a>\n\t\t\t\t\t\t\t\t\t\t\t\t\t\t\t<\/div>\n\t\t\t\t<\/div>\n\t\t\t\t<div class=\"elementor-element elementor-element-fda11d4 elementor-widget elementor-widget-heading\" data-id=\"fda11d4\" data-element_type=\"widget\" data-widget_type=\"heading.default\">\n\t\t\t\t<div class=\"elementor-widget-container\">\n\t\t\t\t\t<h4 class=\"elementor-heading-title elementor-size-default\"><a href=\"https:\/\/wonderful.vn\/en\/du-an-su-kien-marketing\/\">Marketing Events<\/a><\/h4>\t\t\t\t<\/div>\n\t\t\t\t<\/div>\n\t\t\t\t<\/div>\n\t\t<div class=\"elementor-element elementor-element-3ba3448 e-con-full e-flex e-con e-child\" data-id=\"3ba3448\" data-element_type=\"container\">\n\t\t\t\t<div class=\"elementor-element elementor-element-996be32 elementor-widget elementor-widget-image\" data-id=\"996be32\" data-element_type=\"widget\" data-widget_type=\"image.default\">\n\t\t\t\t<div class=\"elementor-widget-container\">\n\t\t\t\t\t\t\t\t\t\t\t\t\t\t\t\t<a href=\"https:\/\/wonderful.vn\/en\/du-an-su-kien-van-hoa-doanh-nghiep\/\">\n\t\t\t\t\t\t\t<img decoding=\"async\" width=\"1720\" height=\"1080\" src=\"https:\/\/wonderful.vn\/wp-content\/uploads\/Untitled-design-10.webp\" class=\"attachment-large size-large wp-image-2909\" alt=\"\" \/>\t\t\t\t\t\t\t\t<\/a>\n\t\t\t\t\t\t\t\t\t\t\t\t\t\t\t<\/div>\n\t\t\t\t<\/div>\n\t\t\t\t<div class=\"elementor-element elementor-element-a4b3160 elementor-widget elementor-widget-heading\" data-id=\"a4b3160\" data-element_type=\"widget\" data-widget_type=\"heading.default\">\n\t\t\t\t<div class=\"elementor-widget-container\">\n\t\t\t\t\t<h4 class=\"elementor-heading-title elementor-size-default\"><a href=\"https:\/\/wonderful.vn\/en\/du-an-su-kien-van-hoa-doanh-nghiep\/\">Corporate culture event<\/a><\/h4>\t\t\t\t<\/div>\n\t\t\t\t<\/div>\n\t\t\t\t<\/div>\n\t\t\t\t<\/div>\n\t\t\t\t\t<\/div>\n\t\t\t\t<\/div>\n\t\t\t\t<\/div>","protected":false},"excerpt":{"rendered":"<p>D\u1ef0 \u00c1N Wonderful l\u00e0 \u0111\u01a1n v\u1ecb chuy\u00ean nghi\u1ec7p, kinh nghi\u1ec7m, \u0111\u00e1p \u1ee9ng m\u1ecdi y\u00eau c\u1ea7u v\u1ec1 t\u1ed5 ch\u1ee9c s\u1ef1 ki\u1ec7n c\u1ee7a qu\u00fd kh\u00e1ch h\u00e0ng S\u1ef1 ki\u1ec7n Marketing S\u1ef1 ki\u1ec7n v\u0103n ho\u00e1 doanh nghi\u1ec7p<\/p>","protected":false},"author":1,"featured_media":0,"parent":0,"menu_order":0,"comment_status":"closed","ping_status":"closed","template":"elementor_header_footer","meta":{"footnotes":""},"class_list":["post-187","page","type-page","status-publish","hentry"],"_links":{"self":[{"href":"https:\/\/wonderful.vn\/en\/wp-json\/wp\/v2\/pages\/187","targetHints":{"allow":["GET"]}}],"collection":[{"href":"https:\/\/wonderful.vn\/en\/wp-json\/wp\/v2\/pages"}],"about":[{"href":"https:\/\/wonderful.vn\/en\/wp-json\/wp\/v2\/types\/page"}],"author":[{"embeddable":true,"href":"https:\/\/wonderful.vn\/en\/wp-json\/wp\/v2\/users\/1"}],"replies":[{"embeddable":true,"href":"https:\/\/wonderful.vn\/en\/wp-json\/wp\/v2\/comments?post=187"}],"version-history":[{"count":223,"href":"https:\/\/wonderful.vn\/en\/wp-json\/wp\/v2\/pages\/187\/revisions"}],"predecessor-version":[{"id":3214,"href":"https:\/\/wonderful.vn\/en\/wp-json\/wp\/v2\/pages\/187\/revisions\/3214"}],"wp:attachment":[{"href":"https:\/\/wonderful.vn\/en\/wp-json\/wp\/v2\/media?parent=187"}],"curies":[{"name":"wp","href":"https:\/\/api.w.org\/{rel}","templated":true}]}}