{"id":191,"date":"2025-02-19T15:38:56","date_gmt":"2025-02-19T15:38:56","guid":{"rendered":"https:\/\/wonderful.vn\/?page_id=191"},"modified":"2025-06-06T21:33:54","modified_gmt":"2025-06-06T21:33:54","slug":"lien-he","status":"publish","type":"page","link":"https:\/\/wonderful.vn\/en\/lien-he\/","title":{"rendered":"Contact"},"content":{"rendered":"<div data-elementor-type=\"wp-page\" data-elementor-id=\"191\" class=\"elementor elementor-191\" data-elementor-post-type=\"page\">\n\t\t\t\t<div class=\"elementor-element elementor-element-ab4478c e-flex e-con-boxed e-con e-parent\" data-id=\"ab4478c\" data-element_type=\"container\" data-settings=\"{&quot;background_background&quot;:&quot;classic&quot;}\">\n\t\t\t\t\t<div class=\"e-con-inner\">\n\t\t<div class=\"elementor-element elementor-element-5a38deba e-con-full e-flex e-con e-child\" data-id=\"5a38deba\" data-element_type=\"container\">\n\t\t\t\t<div class=\"elementor-element elementor-element-563431a8 elementor-widget elementor-widget-elementskit-heading\" data-id=\"563431a8\" data-element_type=\"widget\" data-widget_type=\"elementskit-heading.default\">\n\t\t\t\t<div class=\"elementor-widget-container\">\n\t\t\t\t\t<div class=\"ekit-wid-con\" ><div class=\"ekit-heading elementskit-section-title-wraper text_left   ekit_heading_tablet-text_left   ekit_heading_mobile-\"><h2 class=\"ekit-heading--title elementskit-section-title\">CONNECT WITH WONDERFUL TODAY!<\/h2><\/div><\/div>\t\t\t\t<\/div>\n\t\t\t\t<\/div>\n\t\t\t\t<\/div>\n\t\t<div class=\"elementor-element elementor-element-68cdc1e9 animated-slow e-con-full e-flex elementor-invisible e-con e-child\" data-id=\"68cdc1e9\" data-element_type=\"container\" data-settings=\"{&quot;animation&quot;:&quot;fadeInUp&quot;}\">\n\t\t\t\t<div class=\"elementor-element elementor-element-1ac6143 elementor-widget elementor-widget-text-editor\" data-id=\"1ac6143\" data-element_type=\"widget\" data-widget_type=\"text-editor.default\">\n\t\t\t\t<div class=\"elementor-widget-container\">\n\t\t\t\t\t\t\t\t\t<p>We will organize the perfect event for your business. Please take a moment to fill out the form below, just so we can better understand your requirements. Wonderful will get back to you within 24 hours.<\/p>\t\t\t\t\t\t\t\t<\/div>\n\t\t\t\t<\/div>\n\t\t\t\t<\/div>\n\t\t\t\t\t<\/div>\n\t\t\t\t<\/div>\n\t\t<div class=\"elementor-element elementor-element-0d8a8e9 e-con-full e-flex e-con e-parent\" data-id=\"0d8a8e9\" data-element_type=\"container\" data-settings=\"{&quot;background_background&quot;:&quot;classic&quot;}\">\n\t\t\t\t<div class=\"elementor-element elementor-element-84d4007 elementor-widget elementor-widget-heading\" data-id=\"84d4007\" data-element_type=\"widget\" data-widget_type=\"heading.default\">\n\t\t\t\t<div class=\"elementor-widget-container\">\n\t\t\t\t\t<h2 class=\"elementor-heading-title elementor-size-default\">Contact us<\/h2>\t\t\t\t<\/div>\n\t\t\t\t<\/div>\n\t\t\t\t<div class=\"elementor-element elementor-element-16c46ef elementor-widget elementor-widget-text-editor\" data-id=\"16c46ef\" data-element_type=\"widget\" data-widget_type=\"text-editor.default\">\n\t\t\t\t<div class=\"elementor-widget-container\">\n\t\t\t\t\t\t\t\t\tFill out the form below to receive a consultation.\t\t\t\t\t\t\t\t<\/div>\n\t\t\t\t<\/div>\n\t\t\t\t<div class=\"elementor-element elementor-element-7344e7e elementor-widget elementor-widget-rform\" data-id=\"7344e7e\" data-element_type=\"widget\" data-widget_type=\"rform.default\">\n\t\t\t\t<div class=\"elementor-widget-container\">\n\t\t\t\t\t            <form id=\"rform\" data-form=\"478\" action=\"\">\r\n                <div class=\"require-login msg\">\r\n                    <div class=\"require-msg-body\">\r\n                        <svg xmlns=\"http:\/\/www.w3.org\/2000\/svg\" width=\"35\" height=\"35\" fill=\"#FF0000\" class=\"bi bi-exclamation-circle-fill\" viewbox=\"0 0 16 16\">\r\n                            <path d=\"M16 8A8 8 0 1 1 0 8a8 8 0 0 1 16 0zM8 4a.905.905 0 0 0-.9.995l.35 3.507a.552.552 0 0 0 1.1 0l.35-3.507A.905.905 0 0 0 8 4zm.002 6a1 1 0 1 0 0 2 1 1 0 0 0 0-2z\" \/>\r\n                        <\/svg>\r\n                        <div style=\"width: 100% ;\">\r\n                            <h5>Required Login<\/h5>\r\n                            Please log in to submit the form.\r\n                        <\/div>\r\n                        <div>\r\n                            <a type=\"button\" class=\"close-msg\">Close<\/a>\r\n                        <\/div>\r\n                    <\/div>\r\n                <\/div>\r\n                <div class=\"success-submit msg\">\r\n                    <div class=\"success-body\">\r\n                        <svg xmlns=\"http:\/\/www.w3.org\/2000\/svg\" width=\"35\" height=\"35\" fill=\"#4CAF50\" class=\"bi bi-check-circle-fill\" viewbox=\"0 0 16 16\">\r\n                            <path d=\"M16 8A8 8 0 1 1 0 8a8 8 0 0 1 16 0zm-3.97-3.03a.75.75 0 0 0-1.08.022L7.477 9.417 5.384 7.323a.75.75 0 0 0-1.06 1.06L6.97 11.03a.75.75 0 0 0 1.079-.02l3.992-4.99a.75.75 0 0 0-.01-1.05z\" \/>\r\n                        <\/svg>\r\n                        <div style=\"width: 100%;\">\r\n                            <h5>Solar<\/h5>\r\n                            Thank you! Form submitted successfully.                        <\/div>\r\n                        <div>\r\n                            <a type=\"button\" class=\"close-msg\">Close<\/a>\r\n                        <\/div>\r\n                    <\/div>\r\n                <\/div>\r\n                <style>.elementor-478 .elementor-element.elementor-element-3d2947f{--display:flex;--gap:0px 0px;--row-gap:0px;--column-gap:0px;--margin-top:0px;--margin-bottom:0px;--margin-left:0px;--margin-right:0px;--padding-top:0px;--padding-bottom:0px;--padding-left:0px;--padding-right:0px;}.elementor-478 .elementor-element.elementor-element-c4b3d58 > .elementor-widget-container{padding:20px 0px 0px 0px;}.elementor-478 .elementor-element.elementor-element-c4b3d58 .rform-label-input{margin:0px 0px 10px 0px;}.elementor-478 .elementor-element.elementor-element-c4b3d58 .rform-error{text-align:left;}.elementor-478 .elementor-element.elementor-element-68ad89c > .elementor-widget-container{padding:20px 0px 0px 0px;}.elementor-478 .elementor-element.elementor-element-68ad89c .rform-label-input{margin:0px 0px 10px 0px;}.elementor-478 .elementor-element.elementor-element-68ad89c .rform-error{text-align:left;}.elementor-478 .elementor-element.elementor-element-9dcd6a0 > .elementor-widget-container{padding:20px 0px 0px 0px;}.elementor-478 .elementor-element.elementor-element-9dcd6a0 .rform-label-input{margin:0px 0px 10px 0px;}.elementor-478 .elementor-element.elementor-element-9dcd6a0 .rform-error{text-align:left;}.elementor-478 .elementor-element.elementor-element-c562091 > .elementor-widget-container{padding:20px 0px 0px 0px;}.elementor-478 .elementor-element.elementor-element-c562091 .rform-button-container{justify-content:center;}<\/style>\t\t<div data-elementor-type=\"wp-post\" data-elementor-id=\"478\" class=\"elementor elementor-478\" data-elementor-post-type=\"romethemeform_form\">\n\t\t\t\t<div class=\"elementor-element elementor-element-3d2947f e-con-full e-flex e-con e-parent\" data-id=\"3d2947f\" data-element_type=\"container\">\n\t\t\t\t<div class=\"elementor-element elementor-element-c4b3d58 elementor-widget elementor-widget-text\" data-id=\"c4b3d58\" data-element_type=\"widget\" data-widget_type=\"text.default\">\n\t\t\t\t<div class=\"elementor-widget-container\">\n\t\t\t\t\t        <div class=\"rform-container\">\r\n            <div class=\"rform-control rform-label-top\">\r\n                                    <label class=\"rform-label-input\" for=\"rform-input-text-206257496\">\r\n                        T\u00ean                        <span> * <\/span>                    <\/label>\r\n                                <input name=\"rform-text\" placeholder=\"\" class=\"rform-input\" id=\"rform-input-text-206257496\" type=\"text\" onblur=\"validate_input( 'rform-input-text-' , 'rform-input-err-' ,'206257496')\" aria-invalid=\"false\" data-val=\"by_char\"   required>\r\n            <\/div>\r\n            <span role=\"alert\" class=\"rform-error\" id=\"rform-input-err-206257496\">This field is required<\/span>\r\n            <div class=\"rform-help-text\">\r\n                <span><\/span>\r\n            <\/div>\r\n        <\/div>\r\n\t\t\t\t<\/div>\n\t\t\t\t<\/div>\n\t\t\t\t<div class=\"elementor-element elementor-element-68ad89c elementor-widget elementor-widget-email\" data-id=\"68ad89c\" data-element_type=\"widget\" data-widget_type=\"email.default\">\n\t\t\t\t<div class=\"elementor-widget-container\">\n\t\t\t\t\t        <div class=\"rform-container\">\r\n            <div class=\"rform-control rform-label-top\">\r\n                                    <label class=\"rform-label-input\" for=\"rform-input-email-109762716\">\r\n                        Email                        <span> * <\/span>                    <\/label>\r\n                                <input name=\"rform-email\" placeholder=\"\" class=\"rform-input\" id=\"rform-input-email-109762716\" type=\"email\" onblur=\"validate_input( 'rform-input-email-' , 'rform-input-err-' ,'109762716')\" aria-invalid=\"false\" data-val=\"by_char\"   required>\r\n            <\/div>\r\n            <span role=\"alert\" class=\"rform-error\" id=\"rform-input-err-109762716\">This field is required<\/span>\r\n            <div class=\"rform-help-text\">\r\n                <span><\/span>\r\n            <\/div>\r\n        <\/div>\r\n\t\t\t\t<\/div>\n\t\t\t\t<\/div>\n\t\t\t\t<div class=\"elementor-element elementor-element-9dcd6a0 elementor-widget elementor-widget-text-area\" data-id=\"9dcd6a0\" data-element_type=\"widget\" data-widget_type=\"text-area.default\">\n\t\t\t\t<div class=\"elementor-widget-container\">\n\t\t\t\t\t        <div class=\"rform-container\">\r\n            <div class=\"rform-control rform-label-top\">\r\n                                    <label class=\"rform-label-input\" for=\"rform-input-textarea-165467808\">\r\n                        Y\u00eau c\u1ea7u                        <span> * <\/span>                    <\/label>\r\n                                <textarea name=\"rform-message \" placeholder=\"Company information, event description...\" class=\"rform-input\" id=\"rform-input-textarea-165467808\" type=\"text\" onblur=\"validate_input( 'rform-input-textarea-' , 'rform-input-err-' ,'165467808')\" aria-invalid=\"false\" data-val=\"by_char\"   required><\/textarea>\r\n            <\/div>\r\n            <span role=\"alert\" class=\"rform-error\" id=\"rform-input-err-165467808\">This field is required<\/span>\r\n            <div class=\"rform-help-text\">\r\n                <span><\/span>\r\n            <\/div>\r\n        <\/div>\r\n\t\t\t\t<\/div>\n\t\t\t\t<\/div>\n\t\t\t\t<div class=\"elementor-element elementor-element-c562091 elementor-widget elementor-widget-rform_button_submit\" data-id=\"c562091\" data-element_type=\"widget\" data-widget_type=\"rform_button_submit.default\">\n\t\t\t\t<div class=\"elementor-widget-container\">\n\t\t\t\t\t        <div class=\"rform-button-container\">\r\n            <button class=\"rform-button-submit\" type=\"button\" id=\"rform-button-submit\">\r\n                                G\u1eedi y\u00eau c\u1ea7u                                <div class=\"loading\">\r\n                    <div id=\"loading\"><\/div>\r\n                <\/div>\r\n            <\/button>\r\n        <\/div>\r\n\r\n\r\n\t\t\t\t<\/div>\n\t\t\t\t<\/div>\n\t\t\t\t<\/div>\n\t\t\t\t<\/div>\n\t\t            <input type=\"hidden\" name=\"trp-form-language\" value=\"en\"\/><\/form>\r\n            \t\t\t\t<\/div>\n\t\t\t\t<\/div>\n\t\t\t\t<\/div>\n\t\t<div class=\"elementor-element elementor-element-bfba2eb e-con-full e-flex e-con e-parent\" data-id=\"bfba2eb\" data-element_type=\"container\" data-settings=\"{&quot;background_background&quot;:&quot;classic&quot;}\">\n\t\t\t\t<div class=\"elementor-element elementor-element-0868eea elementor-widget elementor-widget-heading\" data-id=\"0868eea\" data-element_type=\"widget\" data-widget_type=\"heading.default\">\n\t\t\t\t<div class=\"elementor-widget-container\">\n\t\t\t\t\t<h2 class=\"elementor-heading-title elementor-size-default\">Address<\/h2>\t\t\t\t<\/div>\n\t\t\t\t<\/div>\n\t\t\t\t<div class=\"elementor-element elementor-element-f007054 elementor-widget elementor-widget-text-editor\" data-id=\"f007054\" data-element_type=\"widget\" data-widget_type=\"text-editor.default\">\n\t\t\t\t<div class=\"elementor-widget-container\">\n\t\t\t\t\t\t\t\t\t<p>Please visit our office. <span style=\"color: #f15a29;\">Wonderful<\/span> Today!<\/p>\t\t\t\t\t\t\t\t<\/div>\n\t\t\t\t<\/div>\n\t\t\t\t<\/div>\n\t\t<div class=\"elementor-element elementor-element-676c7aa e-flex e-con-boxed e-con e-parent\" data-id=\"676c7aa\" data-element_type=\"container\" data-settings=\"{&quot;background_background&quot;:&quot;classic&quot;}\">\n\t\t\t\t\t<div class=\"e-con-inner\">\n\t\t<div class=\"elementor-element elementor-element-73d931c e-con-full e-flex e-con e-child\" data-id=\"73d931c\" data-element_type=\"container\">\n\t\t\t\t<div class=\"elementor-element elementor-element-cf4d1d1 elementor-widget elementor-widget-image\" data-id=\"cf4d1d1\" data-element_type=\"widget\" data-widget_type=\"image.default\">\n\t\t\t\t<div class=\"elementor-widget-container\">\n\t\t\t\t\t\t\t\t\t\t\t\t\t\t\t<img fetchpriority=\"high\" decoding=\"async\" width=\"2560\" height=\"1707\" src=\"https:\/\/wonderful.vn\/wp-content\/uploads\/DTF_7013-scaled.webp\" class=\"attachment-large size-large wp-image-2788\" alt=\"\" \/>\t\t\t\t\t\t\t\t\t\t\t\t\t\t\t<\/div>\n\t\t\t\t<\/div>\n\t\t\t\t<div class=\"elementor-element elementor-element-ba5de55 elementor-widget elementor-widget-heading\" data-id=\"ba5de55\" data-element_type=\"widget\" data-widget_type=\"heading.default\">\n\t\t\t\t<div class=\"elementor-widget-container\">\n\t\t\t\t\t<h2 class=\"elementor-heading-title elementor-size-default\">Hanoi<\/h2>\t\t\t\t<\/div>\n\t\t\t\t<\/div>\n\t\t\t\t<div class=\"elementor-element elementor-element-e46049b elementor-widget elementor-widget-text-editor\" data-id=\"e46049b\" data-element_type=\"widget\" data-widget_type=\"text-editor.default\">\n\t\t\t\t<div class=\"elementor-widget-container\">\n\t\t\t\t\t\t\t\t\t<p>Adjacent to B5, 108 Nguyen Trai Urban Project, Thanh Xuan<\/p>\t\t\t\t\t\t\t\t<\/div>\n\t\t\t\t<\/div>\n\t\t\t\t<div class=\"elementor-element elementor-element-20bb55e elementor-align-center elementor-widget elementor-widget-button\" data-id=\"20bb55e\" data-element_type=\"widget\" data-widget_type=\"button.default\">\n\t\t\t\t<div class=\"elementor-widget-container\">\n\t\t\t\t\t\t\t\t\t<div class=\"elementor-button-wrapper\">\n\t\t\t\t\t<a class=\"elementor-button elementor-button-link elementor-size-sm\" href=\"https:\/\/maps.app.goo.gl\/5vrGcfPWxcQJu7vn8\">\n\t\t\t\t\t\t<span class=\"elementor-button-content-wrapper\">\n\t\t\t\t\t\t\t\t\t<span class=\"elementor-button-text\">Google Maps<\/span>\n\t\t\t\t\t<\/span>\n\t\t\t\t\t<\/a>\n\t\t\t\t<\/div>\n\t\t\t\t\t\t\t\t<\/div>\n\t\t\t\t<\/div>\n\t\t\t\t<\/div>\n\t\t<div class=\"elementor-element elementor-element-d61ddb8 e-con-full e-flex e-con e-child\" data-id=\"d61ddb8\" data-element_type=\"container\">\n\t\t\t\t<div class=\"elementor-element elementor-element-1d68045 elementor-widget elementor-widget-image\" data-id=\"1d68045\" data-element_type=\"widget\" data-widget_type=\"image.default\">\n\t\t\t\t<div class=\"elementor-widget-container\">\n\t\t\t\t\t\t\t\t\t\t\t\t\t\t\t<img decoding=\"async\" width=\"1360\" height=\"1020\" src=\"https:\/\/wonderful.vn\/wp-content\/uploads\/1536f47f75431ac380522e876292aa0f.webp\" class=\"attachment-large size-large wp-image-542\" alt=\"\" srcset=\"https:\/\/wonderful.vn\/wp-content\/uploads\/1536f47f75431ac380522e876292aa0f.webp 1360w, https:\/\/wonderful.vn\/wp-content\/uploads\/1536f47f75431ac380522e876292aa0f-768x576.webp 768w\" sizes=\"(max-width: 1360px) 100vw, 1360px\" \/>\t\t\t\t\t\t\t\t\t\t\t\t\t\t\t<\/div>\n\t\t\t\t<\/div>\n\t\t\t\t<div class=\"elementor-element elementor-element-beae92c elementor-widget elementor-widget-heading\" data-id=\"beae92c\" data-element_type=\"widget\" data-widget_type=\"heading.default\">\n\t\t\t\t<div class=\"elementor-widget-container\">\n\t\t\t\t\t<h2 class=\"elementor-heading-title elementor-size-default\">Ho Chi Minh City<\/h2>\t\t\t\t<\/div>\n\t\t\t\t<\/div>\n\t\t\t\t<div class=\"elementor-element elementor-element-806ba2c elementor-widget elementor-widget-text-editor\" data-id=\"806ba2c\" data-element_type=\"widget\" data-widget_type=\"text-editor.default\">\n\t\t\t\t<div class=\"elementor-widget-container\">\n\t\t\t\t\t\t\t\t\t<p>4th Floor, No. 74, B2 Street, Sala Urban Area, An Khanh<\/p>\t\t\t\t\t\t\t\t<\/div>\n\t\t\t\t<\/div>\n\t\t\t\t<div class=\"elementor-element elementor-element-3671192 elementor-align-center elementor-widget elementor-widget-button\" data-id=\"3671192\" data-element_type=\"widget\" data-widget_type=\"button.default\">\n\t\t\t\t<div class=\"elementor-widget-container\">\n\t\t\t\t\t\t\t\t\t<div class=\"elementor-button-wrapper\">\n\t\t\t\t\t<a class=\"elementor-button elementor-button-link elementor-size-sm\" href=\"https:\/\/maps.app.goo.gl\/BwUHU7ubZLaCWWkJ8\">\n\t\t\t\t\t\t<span class=\"elementor-button-content-wrapper\">\n\t\t\t\t\t\t\t\t\t<span class=\"elementor-button-text\">Google Maps<\/span>\n\t\t\t\t\t<\/span>\n\t\t\t\t\t<\/a>\n\t\t\t\t<\/div>\n\t\t\t\t\t\t\t\t<\/div>\n\t\t\t\t<\/div>\n\t\t\t\t<\/div>\n\t\t\t\t\t<\/div>\n\t\t\t\t<\/div>\n\t\t\t\t<\/div>","protected":false},"excerpt":{"rendered":"<p>K\u1ebeT N\u1ed0I NGAY H\u00d4M NAY V\u1edaI WONDERFUL! Ch\u00fang t\u00f4i s\u1ebd t\u1ed5 ch\u1ee9c s\u1ef1 ki\u1ec7n ho\u00e0n h\u1ea3o cho doanh nghi\u1ec7p c\u1ee7a b\u1ea1n. Vui l\u00f2ng d\u00e0nh ch\u00fat th\u1eddi gian \u0111\u1ec3 \u0111i\u1ec1n v\u00e0o bi\u1ec3u m\u1eabu b\u00ean d\u01b0\u1edbi, ch\u1ec9 \u0111\u1ec3 cho ch\u00fang t\u00f4i hi\u1ec3u th\u00eam v\u1ec1 y\u00eau c\u1ea7u c\u1ee7a b\u1ea1n. Wonderful s\u1ebd nhanh ch\u00f3ng li\u00ean h\u1ec7 l\u1ea1i v\u1edbi b\u1ea1n [&hellip;]<\/p>","protected":false},"author":1,"featured_media":0,"parent":0,"menu_order":0,"comment_status":"closed","ping_status":"closed","template":"elementor_header_footer","meta":{"footnotes":""},"class_list":["post-191","page","type-page","status-publish","hentry"],"_links":{"self":[{"href":"https:\/\/wonderful.vn\/en\/wp-json\/wp\/v2\/pages\/191","targetHints":{"allow":["GET"]}}],"collection":[{"href":"https:\/\/wonderful.vn\/en\/wp-json\/wp\/v2\/pages"}],"about":[{"href":"https:\/\/wonderful.vn\/en\/wp-json\/wp\/v2\/types\/page"}],"author":[{"embeddable":true,"href":"https:\/\/wonderful.vn\/en\/wp-json\/wp\/v2\/users\/1"}],"replies":[{"embeddable":true,"href":"https:\/\/wonderful.vn\/en\/wp-json\/wp\/v2\/comments?post=191"}],"version-history":[{"count":151,"href":"https:\/\/wonderful.vn\/en\/wp-json\/wp\/v2\/pages\/191\/revisions"}],"predecessor-version":[{"id":3220,"href":"https:\/\/wonderful.vn\/en\/wp-json\/wp\/v2\/pages\/191\/revisions\/3220"}],"wp:attachment":[{"href":"https:\/\/wonderful.vn\/en\/wp-json\/wp\/v2\/media?parent=191"}],"curies":[{"name":"wp","href":"https:\/\/api.w.org\/{rel}","templated":true}]}}