{"id":622,"date":"2025-03-03T16:41:39","date_gmt":"2025-03-03T16:41:39","guid":{"rendered":"https:\/\/wonderful.vn\/?page_id=622"},"modified":"2025-06-10T06:38:03","modified_gmt":"2025-06-10T06:38:03","slug":"su-kien-marketing","status":"publish","type":"page","link":"https:\/\/wonderful.vn\/en\/su-kien-marketing\/","title":{"rendered":"S\u1ef1 ki\u1ec7n marketing"},"content":{"rendered":"<div data-elementor-type=\"wp-page\" data-elementor-id=\"622\" class=\"elementor elementor-622\" data-elementor-post-type=\"page\">\n\t\t\t\t<div class=\"elementor-element elementor-element-5f174da e-con-full e-flex e-con e-parent\" data-id=\"5f174da\" data-element_type=\"container\">\n\t\t<div class=\"elementor-element elementor-element-ce0e5c7 e-con-full e-flex e-con e-child\" data-id=\"ce0e5c7\" data-element_type=\"container\">\n\t\t\t\t<div class=\"elementor-element elementor-element-be27c43 elementor-widget elementor-widget-image\" data-id=\"be27c43\" data-element_type=\"widget\" data-widget_type=\"image.default\">\n\t\t\t\t<div class=\"elementor-widget-container\">\n\t\t\t\t\t\t\t\t\t\t\t\t\t\t\t<img fetchpriority=\"high\" decoding=\"async\" width=\"2560\" height=\"1300\" src=\"https:\/\/wonderful.vn\/wp-content\/uploads\/f03e3816e693cba783c03ed5638efadd-1.webp\" class=\"attachment-large size-large wp-image-550\" alt=\"\" srcset=\"https:\/\/wonderful.vn\/wp-content\/uploads\/f03e3816e693cba783c03ed5638efadd-1.webp 2560w, https:\/\/wonderful.vn\/wp-content\/uploads\/f03e3816e693cba783c03ed5638efadd-1-768x390.webp 768w, https:\/\/wonderful.vn\/wp-content\/uploads\/f03e3816e693cba783c03ed5638efadd-1-1536x780.webp 1536w, https:\/\/wonderful.vn\/wp-content\/uploads\/f03e3816e693cba783c03ed5638efadd-1-2048x1040.webp 2048w\" sizes=\"(max-width: 2560px) 100vw, 2560px\" \/>\t\t\t\t\t\t\t\t\t\t\t\t\t\t\t<\/div>\n\t\t\t\t<\/div>\n\t\t\t\t<\/div>\n\t\t<div class=\"elementor-element elementor-element-54a080e e-flex e-con-boxed e-con e-child\" data-id=\"54a080e\" data-element_type=\"container\" data-settings=\"{&quot;background_background&quot;:&quot;classic&quot;}\">\n\t\t\t\t\t<div class=\"e-con-inner\">\n\t\t<div class=\"elementor-element elementor-element-1cbed00 e-con-full e-flex e-con e-child\" data-id=\"1cbed00\" data-element_type=\"container\">\n\t\t\t\t<div class=\"elementor-element elementor-element-1239002 elementor-widget elementor-widget-heading\" data-id=\"1239002\" data-element_type=\"widget\" data-widget_type=\"heading.default\">\n\t\t\t\t<div class=\"elementor-widget-container\">\n\t\t\t\t\t<h2 class=\"elementor-heading-title elementor-size-default\">Explosive marketing campaign<\/h2>\t\t\t\t<\/div>\n\t\t\t\t<\/div>\n\t\t\t\t<div class=\"elementor-element elementor-element-032494c elementor-widget elementor-widget-text-editor\" data-id=\"032494c\" data-element_type=\"widget\" data-widget_type=\"text-editor.default\">\n\t\t\t\t<div class=\"elementor-widget-container\">\n\t\t\t\t\t\t\t\t\t<p>With our extensive experience and creative team of experts, we are proud to deliver unique, impressive, and effective marketing events that help your brand shine and win over customers.<\/p>\t\t\t\t\t\t\t\t<\/div>\n\t\t\t\t<\/div>\n\t\t\t\t<\/div>\n\t\t<div class=\"elementor-element elementor-element-853e7a1 e-grid e-con-full e-con e-child\" data-id=\"853e7a1\" data-element_type=\"container\">\n\t\t<div class=\"elementor-element elementor-element-25dce45 e-con-full e-flex e-con e-child\" data-id=\"25dce45\" data-element_type=\"container\">\n\t\t\t\t<div class=\"elementor-element elementor-element-f872500 elementor-widget elementor-widget-text-editor\" data-id=\"f872500\" data-element_type=\"widget\" data-widget_type=\"text-editor.default\">\n\t\t\t\t<div class=\"elementor-widget-container\">\n\t\t\t\t\t\t\t\t\t<p>Creativity knows no bounds.<\/p>\t\t\t\t\t\t\t\t<\/div>\n\t\t\t\t<\/div>\n\t\t\t\t<div class=\"elementor-element elementor-element-46a0c23 elementor-widget elementor-widget-text-editor\" data-id=\"46a0c23\" data-element_type=\"widget\" data-widget_type=\"text-editor.default\">\n\t\t\t\t<div class=\"elementor-widget-container\">\n\t\t\t\t\t\t\t\t\tMore than just organizing events, Van Dac Phuc creates unique, distinctive, and memorable experiences, conveying brand messages powerfully and creatively.\t\t\t\t\t\t\t\t<\/div>\n\t\t\t\t<\/div>\n\t\t\t\t<\/div>\n\t\t<div class=\"elementor-element elementor-element-b63a00b e-con-full e-flex e-con e-child\" data-id=\"b63a00b\" data-element_type=\"container\">\n\t\t\t\t<div class=\"elementor-element elementor-element-094a49c elementor-widget elementor-widget-text-editor\" data-id=\"094a49c\" data-element_type=\"widget\" data-widget_type=\"text-editor.default\">\n\t\t\t\t<div class=\"elementor-widget-container\">\n\t\t\t\t\t\t\t\t\tPersonalization strategy\t\t\t\t\t\t\t\t<\/div>\n\t\t\t\t<\/div>\n\t\t\t\t<div class=\"elementor-element elementor-element-f1135d4 elementor-widget elementor-widget-text-editor\" data-id=\"f1135d4\" data-element_type=\"widget\" data-widget_type=\"text-editor.default\">\n\t\t\t\t<div class=\"elementor-widget-container\">\n\t\t\t\t\t\t\t\t\tWe understand that each brand has its own values and goals. Therefore, we always advise on building the most suitable event strategy, ensuring maximum success and effectiveness.\t\t\t\t\t\t\t\t<\/div>\n\t\t\t\t<\/div>\n\t\t\t\t<\/div>\n\t\t<div class=\"elementor-element elementor-element-1ecc0ae e-con-full e-flex e-con e-child\" data-id=\"1ecc0ae\" data-element_type=\"container\">\n\t\t\t\t<div class=\"elementor-element elementor-element-2ad9420 elementor-widget elementor-widget-text-editor\" data-id=\"2ad9420\" data-element_type=\"widget\" data-widget_type=\"text-editor.default\">\n\t\t\t\t<div class=\"elementor-widget-container\">\n\t\t\t\t\t\t\t\t\tAdvanced technology\t\t\t\t\t\t\t\t<\/div>\n\t\t\t\t<\/div>\n\t\t\t\t<div class=\"elementor-element elementor-element-cd17e9a elementor-widget elementor-widget-text-editor\" data-id=\"cd17e9a\" data-element_type=\"widget\" data-widget_type=\"text-editor.default\">\n\t\t\t\t<div class=\"elementor-widget-container\">\n\t\t\t\t\t\t\t\t\t<p>By consistently applying the latest technologies to event organization, from stage design, sound, and lighting to online interaction, we provide our clients with the most modern experience.<\/p>\t\t\t\t\t\t\t\t<\/div>\n\t\t\t\t<\/div>\n\t\t\t\t<\/div>\n\t\t<div class=\"elementor-element elementor-element-8f20cac e-con-full e-flex e-con e-child\" data-id=\"8f20cac\" data-element_type=\"container\">\n\t\t\t\t<div class=\"elementor-element elementor-element-c6ad826 elementor-widget elementor-widget-text-editor\" data-id=\"c6ad826\" data-element_type=\"widget\" data-widget_type=\"text-editor.default\">\n\t\t\t\t<div class=\"elementor-widget-container\">\n\t\t\t\t\t\t\t\t\tComprehensive management\t\t\t\t\t\t\t\t<\/div>\n\t\t\t\t<\/div>\n\t\t\t\t<div class=\"elementor-element elementor-element-d0bb1ad elementor-widget elementor-widget-text-editor\" data-id=\"d0bb1ad\" data-element_type=\"widget\" data-widget_type=\"text-editor.default\">\n\t\t\t\t<div class=\"elementor-widget-container\">\n\t\t\t\t\t\t\t\t\tThe Van Dac Phuc team is meticulous and dedicated in every aspect of organization, from ideation and preparation to execution and evaluation of results, ensuring the event runs smoothly and successfully.\t\t\t\t\t\t\t\t<\/div>\n\t\t\t\t<\/div>\n\t\t\t\t<\/div>\n\t\t\t\t<\/div>\n\t\t\t\t\t<\/div>\n\t\t\t\t<\/div>\n\t\t<div class=\"elementor-element elementor-element-73c4eb9 e-con-full e-flex e-con e-child\" data-id=\"73c4eb9\" data-element_type=\"container\" data-settings=\"{&quot;background_background&quot;:&quot;classic&quot;}\">\n\t\t\t\t<div class=\"elementor-element elementor-element-83fa26d img-slider elementor-arrows-position-inside elementor-widget elementor-widget-image-carousel\" data-id=\"83fa26d\" data-element_type=\"widget\" data-settings=\"{&quot;navigation&quot;:&quot;arrows&quot;,&quot;autoplay&quot;:&quot;yes&quot;,&quot;pause_on_hover&quot;:&quot;yes&quot;,&quot;pause_on_interaction&quot;:&quot;yes&quot;,&quot;autoplay_speed&quot;:5000,&quot;infinite&quot;:&quot;yes&quot;,&quot;speed&quot;:500,&quot;image_spacing_custom&quot;:{&quot;unit&quot;:&quot;px&quot;,&quot;size&quot;:20,&quot;sizes&quot;:[]},&quot;image_spacing_custom_tablet&quot;:{&quot;unit&quot;:&quot;px&quot;,&quot;size&quot;:&quot;&quot;,&quot;sizes&quot;:[]},&quot;image_spacing_custom_mobile&quot;:{&quot;unit&quot;:&quot;px&quot;,&quot;size&quot;:&quot;&quot;,&quot;sizes&quot;:[]}}\" data-widget_type=\"image-carousel.default\">\n\t\t\t\t<div class=\"elementor-widget-container\">\n\t\t\t\t\t\t\t<div class=\"elementor-image-carousel-wrapper swiper\" role=\"region\" aria-roledescription=\"carousel\" aria-label=\"Image Carousel\" dir=\"ltr\">\n\t\t\t<div class=\"elementor-image-carousel swiper-wrapper swiper-image-stretch\" aria-live=\"off\">\n\t\t\t\t\t\t\t\t<div class=\"swiper-slide\" role=\"group\" aria-roledescription=\"slide\" aria-label=\"1 of 4\" data-no-translation-aria-label=\"\"><figure class=\"swiper-slide-inner\"><img decoding=\"async\" class=\"swiper-slide-image\" src=\"https:\/\/wonderful.vn\/wp-content\/uploads\/DTF_8178.webp\" alt=\"DTF_8178\" \/><\/figure><\/div><div class=\"swiper-slide\" role=\"group\" aria-roledescription=\"slide\" aria-label=\"2 of 4\" data-no-translation-aria-label=\"\"><figure class=\"swiper-slide-inner\"><img decoding=\"async\" class=\"swiper-slide-image\" src=\"https:\/\/wonderful.vn\/wp-content\/uploads\/DTF_0306.webp\" alt=\"DTF_0306\" \/><\/figure><\/div><div class=\"swiper-slide\" role=\"group\" aria-roledescription=\"slide\" aria-label=\"3 of 4\" data-no-translation-aria-label=\"\"><figure class=\"swiper-slide-inner\"><img decoding=\"async\" class=\"swiper-slide-image\" src=\"https:\/\/wonderful.vn\/wp-content\/uploads\/FILE-2491.webp\" alt=\"FILE-2491\" \/><\/figure><\/div><div class=\"swiper-slide\" role=\"group\" aria-roledescription=\"slide\" aria-label=\"4 of 4\" data-no-translation-aria-label=\"\"><figure class=\"swiper-slide-inner\"><img decoding=\"async\" class=\"swiper-slide-image\" src=\"https:\/\/wonderful.vn\/wp-content\/uploads\/2F9A8598-scaled.webp\" alt=\"2F9A8598\" \/><\/figure><\/div>\t\t\t<\/div>\n\t\t\t\t\t\t\t\t\t\t\t\t<div class=\"elementor-swiper-button elementor-swiper-button-prev\" role=\"button\" tabindex=\"0\">\n\t\t\t\t\t\t<svg aria-hidden=\"true\" class=\"e-font-icon-svg e-eicon-chevron-left\" viewbox=\"0 0 1000 1000\" xmlns=\"http:\/\/www.w3.org\/2000\/svg\"><path d=\"M646 125C629 125 613 133 604 142L308 442C296 454 292 471 292 487 292 504 296 521 308 533L604 854C617 867 629 875 646 875 663 875 679 871 692 858 704 846 713 829 713 812 713 796 708 779 692 767L438 487 692 225C700 217 708 204 708 187 708 171 704 154 692 142 675 129 663 125 646 125Z\"><\/path><\/svg>\t\t\t\t\t<\/div>\n\t\t\t\t\t<div class=\"elementor-swiper-button elementor-swiper-button-next\" role=\"button\" tabindex=\"0\">\n\t\t\t\t\t\t<svg aria-hidden=\"true\" class=\"e-font-icon-svg e-eicon-chevron-right\" viewbox=\"0 0 1000 1000\" xmlns=\"http:\/\/www.w3.org\/2000\/svg\"><path d=\"M696 533C708 521 713 504 713 487 713 471 708 454 696 446L400 146C388 133 375 125 354 125 338 125 325 129 313 142 300 154 292 171 292 187 292 204 296 221 308 233L563 492 304 771C292 783 288 800 288 817 288 833 296 850 308 863 321 871 338 875 354 875 371 875 388 867 400 854L696 533Z\"><\/path><\/svg>\t\t\t\t\t<\/div>\n\t\t\t\t\n\t\t\t\t\t\t\t\t\t<\/div>\n\t\t\t\t\t\t<\/div>\n\t\t\t\t<\/div>\n\t\t\t\t<\/div>\n\t\t<div class=\"elementor-element elementor-element-9730a6c e-flex e-con-boxed e-con e-child\" data-id=\"9730a6c\" data-element_type=\"container\" data-settings=\"{&quot;background_background&quot;:&quot;classic&quot;}\">\n\t\t\t\t\t<div class=\"e-con-inner\">\n\t\t\t\t<div class=\"elementor-element elementor-element-9685d93 elementor-widget elementor-widget-heading\" data-id=\"9685d93\" data-element_type=\"widget\" data-widget_type=\"heading.default\">\n\t\t\t\t<div class=\"elementor-widget-container\">\n\t\t\t\t\t<h2 class=\"elementor-heading-title elementor-size-default\">Benefits of Organizing Marketing Events\n<br> together Wonderful<\/h2>\t\t\t\t<\/div>\n\t\t\t\t<\/div>\n\t\t<div class=\"elementor-element elementor-element-0bd9eee e-grid e-con-full e-con e-child\" data-id=\"0bd9eee\" data-element_type=\"container\">\n\t\t<div class=\"elementor-element elementor-element-83e7716 e-con-full e-flex e-con e-child\" data-id=\"83e7716\" data-element_type=\"container\">\n\t\t\t\t<div class=\"elementor-element elementor-element-64afdbd elementor-widget elementor-widget-image\" data-id=\"64afdbd\" data-element_type=\"widget\" data-widget_type=\"image.default\">\n\t\t\t\t<div class=\"elementor-widget-container\">\n\t\t\t\t\t\t\t\t\t\t\t\t\t\t\t<img decoding=\"async\" width=\"48\" height=\"48\" src=\"https:\/\/wonderful.vn\/wp-content\/uploads\/Relume.webp\" class=\"attachment-large size-large wp-image-645\" alt=\"\" \/>\t\t\t\t\t\t\t\t\t\t\t\t\t\t\t<\/div>\n\t\t\t\t<\/div>\n\t\t\t\t<div class=\"elementor-element elementor-element-107eb1e elementor-widget elementor-widget-text-editor\" data-id=\"107eb1e\" data-element_type=\"widget\" data-widget_type=\"text-editor.default\">\n\t\t\t\t<div class=\"elementor-widget-container\">\n\t\t\t\t\t\t\t\t\tEnhance brand recognition.\t\t\t\t\t\t\t\t<\/div>\n\t\t\t\t<\/div>\n\t\t\t\t<div class=\"elementor-element elementor-element-7bd4f81 elementor-widget elementor-widget-text-editor\" data-id=\"7bd4f81\" data-element_type=\"widget\" data-widget_type=\"text-editor.default\">\n\t\t\t\t<div class=\"elementor-widget-container\">\n\t\t\t\t\t\t\t\t\tUnique and creative marketing strategies help your brand stand out and be easily remembered by your target customers.\t\t\t\t\t\t\t\t<\/div>\n\t\t\t\t<\/div>\n\t\t\t\t<\/div>\n\t\t<div class=\"elementor-element elementor-element-7c9256f e-con-full e-flex e-con e-child\" data-id=\"7c9256f\" data-element_type=\"container\">\n\t\t\t\t<div class=\"elementor-element elementor-element-1ce9c6f elementor-widget elementor-widget-image\" data-id=\"1ce9c6f\" data-element_type=\"widget\" data-widget_type=\"image.default\">\n\t\t\t\t<div class=\"elementor-widget-container\">\n\t\t\t\t\t\t\t\t\t\t\t\t\t\t\t<img decoding=\"async\" width=\"48\" height=\"48\" src=\"https:\/\/wonderful.vn\/wp-content\/uploads\/Relume.webp\" class=\"attachment-large size-large wp-image-645\" alt=\"\" \/>\t\t\t\t\t\t\t\t\t\t\t\t\t\t\t<\/div>\n\t\t\t\t<\/div>\n\t\t\t\t<div class=\"elementor-element elementor-element-a651cb8 elementor-widget elementor-widget-text-editor\" data-id=\"a651cb8\" data-element_type=\"widget\" data-widget_type=\"text-editor.default\">\n\t\t\t\t<div class=\"elementor-widget-container\">\n\t\t\t\t\t\t\t\t\tIncrease customer engagement levels.\t\t\t\t\t\t\t\t<\/div>\n\t\t\t\t<\/div>\n\t\t\t\t<div class=\"elementor-element elementor-element-afaf536 elementor-widget elementor-widget-text-editor\" data-id=\"afaf536\" data-element_type=\"widget\" data-widget_type=\"text-editor.default\">\n\t\t\t\t<div class=\"elementor-widget-container\">\n\t\t\t\t\t\t\t\t\tOur events are designed to engage customers, thereby enhancing interaction and connection between the brand and its customers.\t\t\t\t\t\t\t\t<\/div>\n\t\t\t\t<\/div>\n\t\t\t\t<\/div>\n\t\t<div class=\"elementor-element elementor-element-0b6db4c e-con-full e-flex e-con e-child\" data-id=\"0b6db4c\" data-element_type=\"container\">\n\t\t\t\t<div class=\"elementor-element elementor-element-7fb3a95 elementor-widget elementor-widget-image\" data-id=\"7fb3a95\" data-element_type=\"widget\" data-widget_type=\"image.default\">\n\t\t\t\t<div class=\"elementor-widget-container\">\n\t\t\t\t\t\t\t\t\t\t\t\t\t\t\t<img decoding=\"async\" width=\"48\" height=\"48\" src=\"https:\/\/wonderful.vn\/wp-content\/uploads\/Relume.webp\" class=\"attachment-large size-large wp-image-645\" alt=\"\" \/>\t\t\t\t\t\t\t\t\t\t\t\t\t\t\t<\/div>\n\t\t\t\t<\/div>\n\t\t\t\t<div class=\"elementor-element elementor-element-891afdf elementor-widget elementor-widget-text-editor\" data-id=\"891afdf\" data-element_type=\"widget\" data-widget_type=\"text-editor.default\">\n\t\t\t\t<div class=\"elementor-widget-container\">\n\t\t\t\t\t\t\t\t\tImprove business efficiency\t\t\t\t\t\t\t\t<\/div>\n\t\t\t\t<\/div>\n\t\t\t\t<div class=\"elementor-element elementor-element-37d4858 elementor-widget elementor-widget-text-editor\" data-id=\"37d4858\" data-element_type=\"widget\" data-widget_type=\"text-editor.default\">\n\t\t\t\t<div class=\"elementor-widget-container\">\n\t\t\t\t\t\t\t\t\tA successful marketing event will help businesses increase sales, expand their market, and strengthen the brand position of their products or services.\t\t\t\t\t\t\t\t<\/div>\n\t\t\t\t<\/div>\n\t\t\t\t<\/div>\n\t\t<div class=\"elementor-element elementor-element-0704461 e-con-full e-flex e-con e-child\" data-id=\"0704461\" data-element_type=\"container\">\n\t\t\t\t<div class=\"elementor-element elementor-element-2128d8b elementor-widget elementor-widget-image\" data-id=\"2128d8b\" data-element_type=\"widget\" data-widget_type=\"image.default\">\n\t\t\t\t<div class=\"elementor-widget-container\">\n\t\t\t\t\t\t\t\t\t\t\t\t\t\t\t<img decoding=\"async\" width=\"48\" height=\"48\" src=\"https:\/\/wonderful.vn\/wp-content\/uploads\/Relume.webp\" class=\"attachment-large size-large wp-image-645\" alt=\"\" \/>\t\t\t\t\t\t\t\t\t\t\t\t\t\t\t<\/div>\n\t\t\t\t<\/div>\n\t\t\t\t<div class=\"elementor-element elementor-element-13a3546 elementor-widget elementor-widget-text-editor\" data-id=\"13a3546\" data-element_type=\"widget\" data-widget_type=\"text-editor.default\">\n\t\t\t\t<div class=\"elementor-widget-container\">\n\t\t\t\t\t\t\t\t\tSave time and money.\t\t\t\t\t\t\t\t<\/div>\n\t\t\t\t<\/div>\n\t\t\t\t<div class=\"elementor-element elementor-element-3b63721 elementor-widget elementor-widget-text-editor\" data-id=\"3b63721\" data-element_type=\"widget\" data-widget_type=\"text-editor.default\">\n\t\t\t\t<div class=\"elementor-widget-container\">\n\t\t\t\t\t\t\t\t\tWith our experience and professional workflow, we help clients save time and money while ensuring the quality of their events.\t\t\t\t\t\t\t\t<\/div>\n\t\t\t\t<\/div>\n\t\t\t\t<\/div>\n\t\t\t\t<\/div>\n\t\t\t\t\t<\/div>\n\t\t\t\t<\/div>\n\t\t<div class=\"elementor-element elementor-element-c1ed80e e-con-full e-flex e-con e-child\" data-id=\"c1ed80e\" data-element_type=\"container\">\n\t\t<div class=\"elementor-element elementor-element-15901c2 e-flex e-con-boxed e-con e-child\" data-id=\"15901c2\" data-element_type=\"container\" data-settings=\"{&quot;background_background&quot;:&quot;classic&quot;}\">\n\t\t\t\t\t<div class=\"e-con-inner\">\n\t\t<div class=\"elementor-element elementor-element-257573a e-con-full e-flex e-con e-child\" data-id=\"257573a\" data-element_type=\"container\" data-settings=\"{&quot;background_background&quot;:&quot;classic&quot;}\">\n\t\t<div class=\"elementor-element elementor-element-1688922 e-flex e-con-boxed e-con e-child\" data-id=\"1688922\" data-element_type=\"container\">\n\t\t\t\t\t<div class=\"e-con-inner\">\n\t\t\t\t<div class=\"elementor-element elementor-element-f686258 elementor-widget elementor-widget-elementskit-heading\" data-id=\"f686258\" data-element_type=\"widget\" data-widget_type=\"elementskit-heading.default\">\n\t\t\t\t<div class=\"elementor-widget-container\">\n\t\t\t\t\t<div class=\"ekit-wid-con\" ><div class=\"ekit-heading elementskit-section-title-wraper text_left   ekit_heading_tablet-   ekit_heading_mobile-\"><h2 class=\"ekit-heading--title elementskit-section-title\">Contact <span><span>WONDERFUL<\/span><\/span> <\/h2><\/div><\/div>\t\t\t\t<\/div>\n\t\t\t\t<\/div>\n\t\t\t\t<div class=\"elementor-element elementor-element-d48d6c6 elementor-widget elementor-widget-text-editor\" data-id=\"d48d6c6\" data-element_type=\"widget\" data-widget_type=\"text-editor.default\">\n\t\t\t\t<div class=\"elementor-widget-container\">\n\t\t\t\t\t\t\t\t\t<p>Please let us know your requirements for the upcoming event.<br \/>Wonderful will get back to you within 24 hours.<\/p>\t\t\t\t\t\t\t\t<\/div>\n\t\t\t\t<\/div>\n\t\t\t\t<div class=\"elementor-element elementor-element-e73ff78 elementor-align-left elementor-widget elementor-widget-button\" data-id=\"e73ff78\" data-element_type=\"widget\" data-widget_type=\"button.default\">\n\t\t\t\t<div class=\"elementor-widget-container\">\n\t\t\t\t\t\t\t\t\t<div class=\"elementor-button-wrapper\">\n\t\t\t\t\t<a class=\"elementor-button elementor-button-link elementor-size-sm elementor-animation-grow\" href=\"https:\/\/wonderful.vn\/en\/lien-he\/\">\n\t\t\t\t\t\t<span class=\"elementor-button-content-wrapper\">\n\t\t\t\t\t\t\t\t\t<span class=\"elementor-button-text\">Contact<\/span>\n\t\t\t\t\t<\/span>\n\t\t\t\t\t<\/a>\n\t\t\t\t<\/div>\n\t\t\t\t\t\t\t\t<\/div>\n\t\t\t\t<\/div>\n\t\t\t\t\t<\/div>\n\t\t\t\t<\/div>\n\t\t\t\t<\/div>\n\t\t\t\t\t<\/div>\n\t\t\t\t<\/div>\n\t\t\t\t<\/div>\n\t\t\t\t<\/div>\n\t\t\t\t<\/div>","protected":false},"excerpt":{"rendered":"<p>Chi\u1ebfn d\u1ecbch marketing b\u00f9ng n\u1ed5 V\u1edbi kinh nghi\u1ec7m d\u00e0y d\u1eb7n v\u00e0 \u0111\u1ed9i ng\u0169 chuy\u00ean gia s\u00e1ng t\u1ea1o, ch\u00fang t\u00f4i t\u1ef1 h\u00e0o mang \u0111\u1ebfn nh\u1eefng s\u1ef1 ki\u1ec7n Marketing \u0111\u1ed9c \u0111\u00e1o, \u1ea5n t\u01b0\u1ee3ng v\u00e0 hi\u1ec7u qu\u1ea3, gi\u00fap th\u01b0\u01a1ng hi\u1ec7u c\u1ee7a b\u1ea1n t\u1ecfa s\u00e1ng v\u00e0 chinh ph\u1ee5c kh\u00e1ch h\u00e0ng. S\u00e1ng t\u1ea1o kh\u00f4ng gi\u1edbi h\u1ea1n Kh\u00f4ng ch\u1ec9 \u0111\u01a1n thu\u1ea7n [&hellip;]<\/p>","protected":false},"author":1,"featured_media":0,"parent":0,"menu_order":0,"comment_status":"closed","ping_status":"closed","template":"","meta":{"footnotes":""},"class_list":["post-622","page","type-page","status-publish","hentry"],"_links":{"self":[{"href":"https:\/\/wonderful.vn\/en\/wp-json\/wp\/v2\/pages\/622","targetHints":{"allow":["GET"]}}],"collection":[{"href":"https:\/\/wonderful.vn\/en\/wp-json\/wp\/v2\/pages"}],"about":[{"href":"https:\/\/wonderful.vn\/en\/wp-json\/wp\/v2\/types\/page"}],"author":[{"embeddable":true,"href":"https:\/\/wonderful.vn\/en\/wp-json\/wp\/v2\/users\/1"}],"replies":[{"embeddable":true,"href":"https:\/\/wonderful.vn\/en\/wp-json\/wp\/v2\/comments?post=622"}],"version-history":[{"count":40,"href":"https:\/\/wonderful.vn\/en\/wp-json\/wp\/v2\/pages\/622\/revisions"}],"predecessor-version":[{"id":3942,"href":"https:\/\/wonderful.vn\/en\/wp-json\/wp\/v2\/pages\/622\/revisions\/3942"}],"wp:attachment":[{"href":"https:\/\/wonderful.vn\/en\/wp-json\/wp\/v2\/media?parent=622"}],"curies":[{"name":"wp","href":"https:\/\/api.w.org\/{rel}","templated":true}]}}