{"id":674,"date":"2025-03-03T17:31:56","date_gmt":"2025-03-03T17:31:56","guid":{"rendered":"https:\/\/wonderful.vn\/?page_id=674"},"modified":"2025-06-10T06:35:03","modified_gmt":"2025-06-10T06:35:03","slug":"su-kien-van-hoa-doanh-nghiep","status":"publish","type":"page","link":"https:\/\/wonderful.vn\/en\/su-kien-van-hoa-doanh-nghiep\/","title":{"rendered":"Corporate culture event"},"content":{"rendered":"<div data-elementor-type=\"wp-page\" data-elementor-id=\"674\" class=\"elementor elementor-674\" data-elementor-post-type=\"page\">\n\t\t\t\t<div class=\"elementor-element elementor-element-be707a9 e-con-full e-flex e-con e-parent\" data-id=\"be707a9\" data-element_type=\"container\">\n\t\t<div class=\"elementor-element elementor-element-50d5ee7 e-con-full e-flex e-con e-child\" data-id=\"50d5ee7\" data-element_type=\"container\">\n\t\t\t\t<div class=\"elementor-element elementor-element-3a32eda elementor-widget elementor-widget-image\" data-id=\"3a32eda\" data-element_type=\"widget\" data-widget_type=\"image.default\">\n\t\t\t\t<div class=\"elementor-widget-container\">\n\t\t\t\t\t\t\t\t\t\t\t\t\t\t\t<img fetchpriority=\"high\" decoding=\"async\" width=\"2548\" height=\"1300\" src=\"https:\/\/wonderful.vn\/wp-content\/uploads\/b7c60f6339ad2116ccd157ceb21ff77c.webp\" class=\"attachment-large size-large wp-image-546\" alt=\"\" srcset=\"https:\/\/wonderful.vn\/wp-content\/uploads\/b7c60f6339ad2116ccd157ceb21ff77c.webp 2548w, https:\/\/wonderful.vn\/wp-content\/uploads\/b7c60f6339ad2116ccd157ceb21ff77c-768x392.webp 768w, https:\/\/wonderful.vn\/wp-content\/uploads\/b7c60f6339ad2116ccd157ceb21ff77c-1536x784.webp 1536w, https:\/\/wonderful.vn\/wp-content\/uploads\/b7c60f6339ad2116ccd157ceb21ff77c-2048x1045.webp 2048w\" sizes=\"(max-width: 2548px) 100vw, 2548px\" \/>\t\t\t\t\t\t\t\t\t\t\t\t\t\t\t<\/div>\n\t\t\t\t<\/div>\n\t\t\t\t<\/div>\n\t\t<div class=\"elementor-element elementor-element-92fdc7f e-flex e-con-boxed e-con e-child\" data-id=\"92fdc7f\" data-element_type=\"container\" data-settings=\"{&quot;background_background&quot;:&quot;classic&quot;}\">\n\t\t\t\t\t<div class=\"e-con-inner\">\n\t\t<div class=\"elementor-element elementor-element-325c7f3 e-con-full e-flex e-con e-child\" data-id=\"325c7f3\" data-element_type=\"container\">\n\t\t\t\t<div class=\"elementor-element elementor-element-0ee9315 elementor-widget elementor-widget-heading\" data-id=\"0ee9315\" data-element_type=\"widget\" data-widget_type=\"heading.default\">\n\t\t\t\t<div class=\"elementor-widget-container\">\n\t\t\t\t\t<h2 class=\"elementor-heading-title elementor-size-default\">Breathing life into corporate culture<\/h2>\t\t\t\t<\/div>\n\t\t\t\t<\/div>\n\t\t\t\t<div class=\"elementor-element elementor-element-50fc62d elementor-widget elementor-widget-text-editor\" data-id=\"50fc62d\" data-element_type=\"widget\" data-widget_type=\"text-editor.default\">\n\t\t\t\t<div class=\"elementor-widget-container\">\n\t\t\t\t\t\t\t\t\t<p>We believe that corporate culture is the solid foundation for the sustainable development of every organization. With our experience and dedication, we deliver unique, meaningful, and engaging corporate culture events, contributing to building a positive and effective work environment.<\/p>\t\t\t\t\t\t\t\t<\/div>\n\t\t\t\t<\/div>\n\t\t\t\t<\/div>\n\t\t<div class=\"elementor-element elementor-element-f8663d4 e-grid e-con-full e-con e-child\" data-id=\"f8663d4\" data-element_type=\"container\">\n\t\t<div class=\"elementor-element elementor-element-fdda86a e-con-full e-flex e-con e-child\" data-id=\"fdda86a\" data-element_type=\"container\">\n\t\t\t\t<div class=\"elementor-element elementor-element-1993ff5 elementor-widget elementor-widget-text-editor\" data-id=\"1993ff5\" data-element_type=\"widget\" data-widget_type=\"text-editor.default\">\n\t\t\t\t<div class=\"elementor-widget-container\">\n\t\t\t\t\t\t\t\t\tCustom event design\t\t\t\t\t\t\t\t<\/div>\n\t\t\t\t<\/div>\n\t\t\t\t<div class=\"elementor-element elementor-element-95ff0d8 elementor-widget elementor-widget-text-editor\" data-id=\"95ff0d8\" data-element_type=\"widget\" data-widget_type=\"text-editor.default\">\n\t\t\t\t<div class=\"elementor-widget-container\">\n\t\t\t\t\t\t\t\t\tWe listen to and understand your company&#039;s core values, vision, and mission to create unique cultural events that truly reflect your organization&#039;s identity and spirit.\t\t\t\t\t\t\t\t<\/div>\n\t\t\t\t<\/div>\n\t\t\t\t<\/div>\n\t\t<div class=\"elementor-element elementor-element-d1031cb e-con-full e-flex e-con e-child\" data-id=\"d1031cb\" data-element_type=\"container\">\n\t\t\t\t<div class=\"elementor-element elementor-element-5a51359 elementor-widget elementor-widget-text-editor\" data-id=\"5a51359\" data-element_type=\"widget\" data-widget_type=\"text-editor.default\">\n\t\t\t\t<div class=\"elementor-widget-container\">\n\t\t\t\t\t\t\t\t\tDiverse types of events\t\t\t\t\t\t\t\t<\/div>\n\t\t\t\t<\/div>\n\t\t\t\t<div class=\"elementor-element elementor-element-e2b27df elementor-widget elementor-widget-text-editor\" data-id=\"e2b27df\" data-element_type=\"widget\" data-widget_type=\"text-editor.default\">\n\t\t\t\t<div class=\"elementor-widget-container\">\n\t\t\t\t\t\t\t\t\t<p>From dynamic team-building activities and soft skills training programs to elegant gala dinners, we offer a diverse range of events to suit every business&#039;s needs and goals.<\/p>\t\t\t\t\t\t\t\t<\/div>\n\t\t\t\t<\/div>\n\t\t\t\t<\/div>\n\t\t<div class=\"elementor-element elementor-element-cc1374e e-con-full e-flex e-con e-child\" data-id=\"cc1374e\" data-element_type=\"container\">\n\t\t\t\t<div class=\"elementor-element elementor-element-eb48df8 elementor-widget elementor-widget-text-editor\" data-id=\"eb48df8\" data-element_type=\"widget\" data-widget_type=\"text-editor.default\">\n\t\t\t\t<div class=\"elementor-widget-container\">\n\t\t\t\t\t\t\t\t\tCreating opportunities for interaction and connection.\t\t\t\t\t\t\t\t<\/div>\n\t\t\t\t<\/div>\n\t\t\t\t<div class=\"elementor-element elementor-element-79c02ae elementor-widget elementor-widget-text-editor\" data-id=\"79c02ae\" data-element_type=\"widget\" data-widget_type=\"text-editor.default\">\n\t\t\t\t<div class=\"elementor-widget-container\">\n\t\t\t\t\t\t\t\t\tWe create an open and friendly environment, encouraging interaction, sharing, and collaboration among company members, contributing to building a united and strong team.\t\t\t\t\t\t\t\t<\/div>\n\t\t\t\t<\/div>\n\t\t\t\t<\/div>\n\t\t<div class=\"elementor-element elementor-element-c73438a e-con-full e-flex e-con e-child\" data-id=\"c73438a\" data-element_type=\"container\">\n\t\t\t\t<div class=\"elementor-element elementor-element-6cf08ca elementor-widget elementor-widget-text-editor\" data-id=\"6cf08ca\" data-element_type=\"widget\" data-widget_type=\"text-editor.default\">\n\t\t\t\t<div class=\"elementor-widget-container\">\n\t\t\t\t\t\t\t\t\tConveying a positive message.\t\t\t\t\t\t\t\t<\/div>\n\t\t\t\t<\/div>\n\t\t\t\t<div class=\"elementor-element elementor-element-b244784 elementor-widget elementor-widget-text-editor\" data-id=\"b244784\" data-element_type=\"widget\" data-widget_type=\"text-editor.default\">\n\t\t\t\t<div class=\"elementor-widget-container\">\n\t\t\t\t\t\t\t\t\tThrough meaningful and creative activities, we help businesses convey positive messages about their culture, values, and goals, creating motivation and confidence for each member.\t\t\t\t\t\t\t\t<\/div>\n\t\t\t\t<\/div>\n\t\t\t\t<\/div>\n\t\t\t\t<\/div>\n\t\t\t\t\t<\/div>\n\t\t\t\t<\/div>\n\t\t<div class=\"elementor-element elementor-element-84f6e6b e-con-full e-flex e-con e-child\" data-id=\"84f6e6b\" data-element_type=\"container\" data-settings=\"{&quot;background_background&quot;:&quot;classic&quot;}\">\n\t\t\t\t<div class=\"elementor-element elementor-element-391b561 img-slider elementor-arrows-position-inside elementor-widget elementor-widget-image-carousel\" data-id=\"391b561\" data-element_type=\"widget\" data-settings=\"{&quot;navigation&quot;:&quot;arrows&quot;,&quot;autoplay&quot;:&quot;yes&quot;,&quot;pause_on_hover&quot;:&quot;yes&quot;,&quot;pause_on_interaction&quot;:&quot;yes&quot;,&quot;autoplay_speed&quot;:5000,&quot;infinite&quot;:&quot;yes&quot;,&quot;speed&quot;:500,&quot;image_spacing_custom&quot;:{&quot;unit&quot;:&quot;px&quot;,&quot;size&quot;:20,&quot;sizes&quot;:[]},&quot;image_spacing_custom_tablet&quot;:{&quot;unit&quot;:&quot;px&quot;,&quot;size&quot;:&quot;&quot;,&quot;sizes&quot;:[]},&quot;image_spacing_custom_mobile&quot;:{&quot;unit&quot;:&quot;px&quot;,&quot;size&quot;:&quot;&quot;,&quot;sizes&quot;:[]}}\" data-widget_type=\"image-carousel.default\">\n\t\t\t\t<div class=\"elementor-widget-container\">\n\t\t\t\t\t\t\t<div class=\"elementor-image-carousel-wrapper swiper\" role=\"region\" aria-roledescription=\"carousel\" aria-label=\"Image Carousel\" dir=\"ltr\">\n\t\t\t<div class=\"elementor-image-carousel swiper-wrapper swiper-image-stretch\" aria-live=\"off\">\n\t\t\t\t\t\t\t\t<div class=\"swiper-slide\" role=\"group\" aria-roledescription=\"slide\" aria-label=\"1 of 6\" data-no-translation-aria-label=\"\"><figure class=\"swiper-slide-inner\"><img decoding=\"async\" class=\"swiper-slide-image\" src=\"https:\/\/wonderful.vn\/wp-content\/uploads\/Untitled-design-9.webp\" alt=\"Untitled design (9)\" \/><\/figure><\/div><div class=\"swiper-slide\" role=\"group\" aria-roledescription=\"slide\" aria-label=\"2 of 6\" data-no-translation-aria-label=\"\"><figure class=\"swiper-slide-inner\"><img decoding=\"async\" class=\"swiper-slide-image\" src=\"https:\/\/wonderful.vn\/wp-content\/uploads\/DOP08825-scaled.webp\" alt=\"DOP08825\" \/><\/figure><\/div><div class=\"swiper-slide\" role=\"group\" aria-roledescription=\"slide\" aria-label=\"3 of 6\" data-no-translation-aria-label=\"\"><figure class=\"swiper-slide-inner\"><img decoding=\"async\" class=\"swiper-slide-image\" src=\"https:\/\/wonderful.vn\/wp-content\/uploads\/GS-483-scaled.webp\" alt=\"GS-483\" \/><\/figure><\/div><div class=\"swiper-slide\" role=\"group\" aria-roledescription=\"slide\" aria-label=\"4 of 6\" data-no-translation-aria-label=\"\"><figure class=\"swiper-slide-inner\"><img decoding=\"async\" class=\"swiper-slide-image\" src=\"https:\/\/wonderful.vn\/wp-content\/uploads\/TIN04664.webp\" alt=\"TIN04664\" \/><\/figure><\/div><div class=\"swiper-slide\" role=\"group\" aria-roledescription=\"slide\" aria-label=\"5 of 6\" data-no-translation-aria-label=\"\"><figure class=\"swiper-slide-inner\"><img decoding=\"async\" class=\"swiper-slide-image\" src=\"https:\/\/wonderful.vn\/wp-content\/uploads\/vnpay-1166-scaled.webp\" alt=\"vnpay-1166\" \/><\/figure><\/div><div class=\"swiper-slide\" role=\"group\" aria-roledescription=\"slide\" aria-label=\"6 of 6\" data-no-translation-aria-label=\"\"><figure class=\"swiper-slide-inner\"><img decoding=\"async\" class=\"swiper-slide-image\" src=\"https:\/\/wonderful.vn\/wp-content\/uploads\/484189452_1062543302577068_8675830015101280300_n.webp\" alt=\"484189452_1062543302577068_8675830015101280300_n\" \/><\/figure><\/div>\t\t\t<\/div>\n\t\t\t\t\t\t\t\t\t\t\t\t<div class=\"elementor-swiper-button elementor-swiper-button-prev\" role=\"button\" tabindex=\"0\">\n\t\t\t\t\t\t<svg aria-hidden=\"true\" class=\"e-font-icon-svg e-eicon-chevron-left\" viewbox=\"0 0 1000 1000\" xmlns=\"http:\/\/www.w3.org\/2000\/svg\"><path d=\"M646 125C629 125 613 133 604 142L308 442C296 454 292 471 292 487 292 504 296 521 308 533L604 854C617 867 629 875 646 875 663 875 679 871 692 858 704 846 713 829 713 812 713 796 708 779 692 767L438 487 692 225C700 217 708 204 708 187 708 171 704 154 692 142 675 129 663 125 646 125Z\"><\/path><\/svg>\t\t\t\t\t<\/div>\n\t\t\t\t\t<div class=\"elementor-swiper-button elementor-swiper-button-next\" role=\"button\" tabindex=\"0\">\n\t\t\t\t\t\t<svg aria-hidden=\"true\" class=\"e-font-icon-svg e-eicon-chevron-right\" viewbox=\"0 0 1000 1000\" xmlns=\"http:\/\/www.w3.org\/2000\/svg\"><path d=\"M696 533C708 521 713 504 713 487 713 471 708 454 696 446L400 146C388 133 375 125 354 125 338 125 325 129 313 142 300 154 292 171 292 187 292 204 296 221 308 233L563 492 304 771C292 783 288 800 288 817 288 833 296 850 308 863 321 871 338 875 354 875 371 875 388 867 400 854L696 533Z\"><\/path><\/svg>\t\t\t\t\t<\/div>\n\t\t\t\t\n\t\t\t\t\t\t\t\t\t<\/div>\n\t\t\t\t\t\t<\/div>\n\t\t\t\t<\/div>\n\t\t\t\t<\/div>\n\t\t<div class=\"elementor-element elementor-element-c5f8bef e-flex e-con-boxed e-con e-child\" data-id=\"c5f8bef\" data-element_type=\"container\" data-settings=\"{&quot;background_background&quot;:&quot;classic&quot;}\">\n\t\t\t\t\t<div class=\"e-con-inner\">\n\t\t\t\t<div class=\"elementor-element elementor-element-24f5e9b elementor-widget elementor-widget-heading\" data-id=\"24f5e9b\" data-element_type=\"widget\" data-widget_type=\"heading.default\">\n\t\t\t\t<div class=\"elementor-widget-container\">\n\t\t\t\t\t<h2 class=\"elementor-heading-title elementor-size-default\">Benefits of Organizing Corporate Cultural Events\n<br> together Wonderful<\/h2>\t\t\t\t<\/div>\n\t\t\t\t<\/div>\n\t\t<div class=\"elementor-element elementor-element-b69586a e-grid e-con-full e-con e-child\" data-id=\"b69586a\" data-element_type=\"container\">\n\t\t<div class=\"elementor-element elementor-element-9301c80 e-con-full e-flex e-con e-child\" data-id=\"9301c80\" data-element_type=\"container\">\n\t\t\t\t<div class=\"elementor-element elementor-element-57d77ae elementor-widget elementor-widget-image\" data-id=\"57d77ae\" data-element_type=\"widget\" data-widget_type=\"image.default\">\n\t\t\t\t<div class=\"elementor-widget-container\">\n\t\t\t\t\t\t\t\t\t\t\t\t\t\t\t<img decoding=\"async\" width=\"48\" height=\"48\" src=\"https:\/\/wonderful.vn\/wp-content\/uploads\/Relume.webp\" class=\"attachment-large size-large wp-image-645\" alt=\"\" \/>\t\t\t\t\t\t\t\t\t\t\t\t\t\t\t<\/div>\n\t\t\t\t<\/div>\n\t\t\t\t<div class=\"elementor-element elementor-element-bbcfe1c elementor-widget elementor-widget-text-editor\" data-id=\"bbcfe1c\" data-element_type=\"widget\" data-widget_type=\"text-editor.default\">\n\t\t\t\t<div class=\"elementor-widget-container\">\n\t\t\t\t\t\t\t\t\tTeam cohesion and <br> Spreading core values\t\t\t\t\t\t\t\t<\/div>\n\t\t\t\t<\/div>\n\t\t\t\t<div class=\"elementor-element elementor-element-bf7b7c6 elementor-widget elementor-widget-text-editor\" data-id=\"bf7b7c6\" data-element_type=\"widget\" data-widget_type=\"text-editor.default\">\n\t\t\t\t<div class=\"elementor-widget-container\">\n\t\t\t\t\t\t\t\t\t<p>Unique and meaningful event scenarios help employees feel more proud, understand, and collectively spread the core cultural values of the company.<\/p>\t\t\t\t\t\t\t\t<\/div>\n\t\t\t\t<\/div>\n\t\t\t\t<\/div>\n\t\t<div class=\"elementor-element elementor-element-077ba29 e-con-full e-flex e-con e-child\" data-id=\"077ba29\" data-element_type=\"container\">\n\t\t\t\t<div class=\"elementor-element elementor-element-aec13eb elementor-widget elementor-widget-image\" data-id=\"aec13eb\" data-element_type=\"widget\" data-widget_type=\"image.default\">\n\t\t\t\t<div class=\"elementor-widget-container\">\n\t\t\t\t\t\t\t\t\t\t\t\t\t\t\t<img decoding=\"async\" width=\"48\" height=\"48\" src=\"https:\/\/wonderful.vn\/wp-content\/uploads\/Relume.webp\" class=\"attachment-large size-large wp-image-645\" alt=\"\" \/>\t\t\t\t\t\t\t\t\t\t\t\t\t\t\t<\/div>\n\t\t\t\t<\/div>\n\t\t\t\t<div class=\"elementor-element elementor-element-ee74848 elementor-widget elementor-widget-text-editor\" data-id=\"ee74848\" data-element_type=\"widget\" data-widget_type=\"text-editor.default\">\n\t\t\t\t<div class=\"elementor-widget-container\">\n\t\t\t\t\t\t\t\t\tIncrease interaction <br> and internal understanding\t\t\t\t\t\t\t\t<\/div>\n\t\t\t\t<\/div>\n\t\t\t\t<div class=\"elementor-element elementor-element-87b2b78 elementor-widget elementor-widget-text-editor\" data-id=\"87b2b78\" data-element_type=\"widget\" data-widget_type=\"text-editor.default\">\n\t\t\t\t<div class=\"elementor-widget-container\">\n\t\t\t\t\t\t\t\t\t<p>Our events are designed to encourage engagement and dialogue, thereby strengthening connections and fostering deeper understanding among employees and departments.<\/p>\t\t\t\t\t\t\t\t<\/div>\n\t\t\t\t<\/div>\n\t\t\t\t<\/div>\n\t\t<div class=\"elementor-element elementor-element-b950d2c e-con-full e-flex e-con e-child\" data-id=\"b950d2c\" data-element_type=\"container\">\n\t\t\t\t<div class=\"elementor-element elementor-element-5fde077 elementor-widget elementor-widget-image\" data-id=\"5fde077\" data-element_type=\"widget\" data-widget_type=\"image.default\">\n\t\t\t\t<div class=\"elementor-widget-container\">\n\t\t\t\t\t\t\t\t\t\t\t\t\t\t\t<img decoding=\"async\" width=\"48\" height=\"48\" src=\"https:\/\/wonderful.vn\/wp-content\/uploads\/Relume.webp\" class=\"attachment-large size-large wp-image-645\" alt=\"\" \/>\t\t\t\t\t\t\t\t\t\t\t\t\t\t\t<\/div>\n\t\t\t\t<\/div>\n\t\t\t\t<div class=\"elementor-element elementor-element-342bf1a elementor-widget elementor-widget-text-editor\" data-id=\"342bf1a\" data-element_type=\"widget\" data-widget_type=\"text-editor.default\">\n\t\t\t\t<div class=\"elementor-widget-container\">\n\t\t\t\t\t\t\t\t\tImprove performance <br> and retain talent\t\t\t\t\t\t\t\t<\/div>\n\t\t\t\t<\/div>\n\t\t\t\t<div class=\"elementor-element elementor-element-19dd84e elementor-widget elementor-widget-text-editor\" data-id=\"19dd84e\" data-element_type=\"widget\" data-widget_type=\"text-editor.default\">\n\t\t\t\t<div class=\"elementor-widget-container\">\n\t\t\t\t\t\t\t\t\t<p>A positive work culture fosters morale, increases productivity, and is a key factor in attracting and retaining top talent.<\/p>\t\t\t\t\t\t\t\t<\/div>\n\t\t\t\t<\/div>\n\t\t\t\t<\/div>\n\t\t<div class=\"elementor-element elementor-element-14e596f e-con-full e-flex e-con e-child\" data-id=\"14e596f\" data-element_type=\"container\">\n\t\t\t\t<div class=\"elementor-element elementor-element-6820261 elementor-widget elementor-widget-image\" data-id=\"6820261\" data-element_type=\"widget\" data-widget_type=\"image.default\">\n\t\t\t\t<div class=\"elementor-widget-container\">\n\t\t\t\t\t\t\t\t\t\t\t\t\t\t\t<img decoding=\"async\" width=\"48\" height=\"48\" src=\"https:\/\/wonderful.vn\/wp-content\/uploads\/Relume.webp\" class=\"attachment-large size-large wp-image-645\" alt=\"\" \/>\t\t\t\t\t\t\t\t\t\t\t\t\t\t\t<\/div>\n\t\t\t\t<\/div>\n\t\t\t\t<div class=\"elementor-element elementor-element-0c9308e elementor-widget elementor-widget-text-editor\" data-id=\"0c9308e\" data-element_type=\"widget\" data-widget_type=\"text-editor.default\">\n\t\t\t\t<div class=\"elementor-widget-container\">\n\t\t\t\t\t\t\t\t\tSave time <br> and resources\t\t\t\t\t\t\t\t<\/div>\n\t\t\t\t<\/div>\n\t\t\t\t<div class=\"elementor-element elementor-element-e0defd0 elementor-widget elementor-widget-text-editor\" data-id=\"e0defd0\" data-element_type=\"widget\" data-widget_type=\"text-editor.default\">\n\t\t\t\t<div class=\"elementor-widget-container\">\n\t\t\t\t\t\t\t\t\t<p>With our experience and professional workflow, we help businesses save time and internal resources while ensuring that events are organized successfully and completely.<\/p>\t\t\t\t\t\t\t\t<\/div>\n\t\t\t\t<\/div>\n\t\t\t\t<\/div>\n\t\t\t\t<\/div>\n\t\t\t\t\t<\/div>\n\t\t\t\t<\/div>\n\t\t<div class=\"elementor-element elementor-element-ae401d6 e-con-full e-flex e-con e-child\" data-id=\"ae401d6\" data-element_type=\"container\">\n\t\t<div class=\"elementor-element elementor-element-ff5f655 e-con-full e-flex e-con e-child\" data-id=\"ff5f655\" data-element_type=\"container\" data-settings=\"{&quot;background_background&quot;:&quot;classic&quot;}\">\n\t\t<div class=\"elementor-element elementor-element-29788e9 e-con-full e-flex e-con e-child\" data-id=\"29788e9\" data-element_type=\"container\" data-settings=\"{&quot;background_background&quot;:&quot;classic&quot;}\">\n\t\t<div class=\"elementor-element elementor-element-b3d67e0 e-flex e-con-boxed e-con e-child\" data-id=\"b3d67e0\" data-element_type=\"container\">\n\t\t\t\t\t<div class=\"e-con-inner\">\n\t\t\t\t<div class=\"elementor-element elementor-element-d8bc6e8 elementor-widget elementor-widget-elementskit-heading\" data-id=\"d8bc6e8\" data-element_type=\"widget\" data-widget_type=\"elementskit-heading.default\">\n\t\t\t\t<div class=\"elementor-widget-container\">\n\t\t\t\t\t<div class=\"ekit-wid-con\" ><div class=\"ekit-heading elementskit-section-title-wraper text_left   ekit_heading_tablet-   ekit_heading_mobile-\"><h2 class=\"ekit-heading--title elementskit-section-title\">Contact <span><span>WONDERFUL<\/span><\/span> <\/h2><\/div><\/div>\t\t\t\t<\/div>\n\t\t\t\t<\/div>\n\t\t\t\t<div class=\"elementor-element elementor-element-96f811f elementor-widget elementor-widget-text-editor\" data-id=\"96f811f\" data-element_type=\"widget\" data-widget_type=\"text-editor.default\">\n\t\t\t\t<div class=\"elementor-widget-container\">\n\t\t\t\t\t\t\t\t\t<p>Please let us know your requirements for the upcoming event.<br \/>Wonderful will get back to you within 24 hours.<\/p>\t\t\t\t\t\t\t\t<\/div>\n\t\t\t\t<\/div>\n\t\t\t\t<div class=\"elementor-element elementor-element-b13a63f elementor-align-left elementor-widget elementor-widget-button\" data-id=\"b13a63f\" data-element_type=\"widget\" data-widget_type=\"button.default\">\n\t\t\t\t<div class=\"elementor-widget-container\">\n\t\t\t\t\t\t\t\t\t<div class=\"elementor-button-wrapper\">\n\t\t\t\t\t<a class=\"elementor-button elementor-button-link elementor-size-sm elementor-animation-grow\" href=\"https:\/\/wonderful.vn\/en\/lien-he\/\">\n\t\t\t\t\t\t<span class=\"elementor-button-content-wrapper\">\n\t\t\t\t\t\t\t\t\t<span class=\"elementor-button-text\">Contact<\/span>\n\t\t\t\t\t<\/span>\n\t\t\t\t\t<\/a>\n\t\t\t\t<\/div>\n\t\t\t\t\t\t\t\t<\/div>\n\t\t\t\t<\/div>\n\t\t\t\t\t<\/div>\n\t\t\t\t<\/div>\n\t\t\t\t<\/div>\n\t\t\t\t<\/div>\n\t\t\t\t<\/div>\n\t\t\t\t<\/div>\n\t\t\t\t<\/div>","protected":false},"excerpt":{"rendered":"<p>Th\u1ed5i h\u1ed3n v\u00e0o v\u0103n h\u00f3a doanh nghi\u1ec7p Ch\u00fang t\u00f4i tin r\u1eb1ng v\u0103n h\u00f3a doanh nghi\u1ec7p l\u00e0 n\u1ec1n t\u1ea3ng v\u1eefng ch\u1eafc cho s\u1ef1 ph\u00e1t tri\u1ec3n b\u1ec1n v\u1eefng c\u1ee7a m\u1ed7i t\u1ed5 ch\u1ee9c. V\u1edbi kinh nghi\u1ec7m v\u00e0 s\u1ef1 t\u1eadn t\u00e2m, ch\u00fang t\u00f4i mang \u0111\u1ebfn nh\u1eefng s\u1ef1 ki\u1ec7n v\u0103n h\u00f3a doanh nghi\u1ec7p \u0111\u1ed9c \u0111\u00e1o, \u00fd ngh\u0129a v\u00e0 g\u1eafn k\u1ebft, [&hellip;]<\/p>","protected":false},"author":1,"featured_media":0,"parent":0,"menu_order":0,"comment_status":"closed","ping_status":"closed","template":"","meta":{"footnotes":""},"class_list":["post-674","page","type-page","status-publish","hentry"],"_links":{"self":[{"href":"https:\/\/wonderful.vn\/en\/wp-json\/wp\/v2\/pages\/674","targetHints":{"allow":["GET"]}}],"collection":[{"href":"https:\/\/wonderful.vn\/en\/wp-json\/wp\/v2\/pages"}],"about":[{"href":"https:\/\/wonderful.vn\/en\/wp-json\/wp\/v2\/types\/page"}],"author":[{"embeddable":true,"href":"https:\/\/wonderful.vn\/en\/wp-json\/wp\/v2\/users\/1"}],"replies":[{"embeddable":true,"href":"https:\/\/wonderful.vn\/en\/wp-json\/wp\/v2\/comments?post=674"}],"version-history":[{"count":31,"href":"https:\/\/wonderful.vn\/en\/wp-json\/wp\/v2\/pages\/674\/revisions"}],"predecessor-version":[{"id":3939,"href":"https:\/\/wonderful.vn\/en\/wp-json\/wp\/v2\/pages\/674\/revisions\/3939"}],"wp:attachment":[{"href":"https:\/\/wonderful.vn\/en\/wp-json\/wp\/v2\/media?parent=674"}],"curies":[{"name":"wp","href":"https:\/\/api.w.org\/{rel}","templated":true}]}}